{"id":333,"date":"2024-08-07T14:08:47","date_gmt":"2024-08-07T14:08:47","guid":{"rendered":"http:\/\/www.belmont.fi\/?page_id=333"},"modified":"2024-08-07T14:08:48","modified_gmt":"2024-08-07T14:08:48","slug":"media","status":"publish","type":"page","link":"https:\/\/www.belmont.fi\/index.php\/media\/","title":{"rendered":"Media"},"content":{"rendered":"\t\t<div data-elementor-type=\"wp-post\" data-elementor-id=\"333\" class=\"elementor elementor-333\">\n\t\t\t\t<div class=\"elementor-element elementor-element-e7d4f85 e-flex e-con-boxed e-con e-parent\" data-id=\"e7d4f85\" data-element_type=\"container\" data-e-type=\"container\">\n\t\t\t\t\t<div class=\"e-con-inner\">\n\t\t\t\t<div class=\"elementor-element elementor-element-fb29020 elementor-widget elementor-widget-heading\" data-id=\"fb29020\" data-element_type=\"widget\" data-e-type=\"widget\" data-widget_type=\"heading.default\">\n\t\t\t\t<div class=\"elementor-widget-container\">\n\t\t\t\t\t<h2 class=\"elementor-heading-title elementor-size-default\">MEDIA<\/h2>\t\t\t\t<\/div>\n\t\t\t\t<\/div>\n\t\t\t\t\t<\/div>\n\t\t\t\t<\/div>\n\t\t<div class=\"elementor-element elementor-element-f26fbd0 e-flex e-con-boxed e-con e-parent\" data-id=\"f26fbd0\" data-element_type=\"container\" data-e-type=\"container\">\n\t\t\t\t\t<div class=\"e-con-inner\">\n\t\t<div class=\"elementor-element elementor-element-c7790bb e-con-full e-flex e-con e-child\" data-id=\"c7790bb\" data-element_type=\"container\" data-e-type=\"container\">\n\t\t\t\t<div class=\"elementor-element elementor-element-07af032 elementor-widget elementor-widget-image\" data-id=\"07af032\" data-element_type=\"widget\" data-e-type=\"widget\" data-widget_type=\"image.default\">\n\t\t\t\t<div class=\"elementor-widget-container\">\n\t\t\t\t\t\t\t\t\t\t\t\t\t\t\t<img fetchpriority=\"high\" decoding=\"async\" width=\"768\" height=\"768\" src=\"https:\/\/www.belmont.fi\/wp-content\/uploads\/2024\/08\/4stars-768x768.png\" class=\"attachment-medium_large size-medium_large wp-image-390\" alt=\"\" srcset=\"https:\/\/www.belmont.fi\/wp-content\/uploads\/2024\/08\/4stars-768x768.png 768w, https:\/\/www.belmont.fi\/wp-content\/uploads\/2024\/08\/4stars-300x300.png 300w, https:\/\/www.belmont.fi\/wp-content\/uploads\/2024\/08\/4stars-1024x1024.png 1024w, https:\/\/www.belmont.fi\/wp-content\/uploads\/2024\/08\/4stars-150x150.png 150w, https:\/\/www.belmont.fi\/wp-content\/uploads\/2024\/08\/4stars-1536x1536.png 1536w, https:\/\/www.belmont.fi\/wp-content\/uploads\/2024\/08\/4stars-2048x2048.png 2048w\" sizes=\"(max-width: 768px) 100vw, 768px\" \/>\t\t\t\t\t\t\t\t\t\t\t\t\t\t\t<\/div>\n\t\t\t\t<\/div>\n\t\t\t\t<\/div>\n\t\t<div class=\"elementor-element elementor-element-35c606c e-con-full e-flex e-con e-child\" data-id=\"35c606c\" data-element_type=\"container\" data-e-type=\"container\">\n\t\t\t\t<div class=\"elementor-element elementor-element-be6d924 elementor-widget elementor-widget-text-editor\" data-id=\"be6d924\" data-element_type=\"widget\" data-e-type=\"widget\" data-widget_type=\"text-editor.default\">\n\t\t\t\t<div class=\"elementor-widget-container\">\n\t\t\t\t\t\t\t\t\t<h4>\u00a0<\/h4><h4>\u00a0<\/h4><p>\u00a0<\/p><p><strong>HELSINGIN SANOMAT ANTOI NELJ\u00c4 T\u00c4HTE\u00c4 <br \/>BELMONT BY DADDY GREENSSILLE!<\/strong><\/p><p><strong>T\u00e4n\u00e4 kev\u00e4\u00e4n\u00e4, kun avasimme ovet ensimm\u00e4ist\u00e4 kertaa, my\u00f6s Helsingin Sanomat k\u00e4viv\u00e4t maistelemassa uusia annoksiamme. Pizzat, pastat ja mehev\u00e4 lihapulla-annoksemme saivat erityist\u00e4 ylistyst\u00e4.<\/strong><\/p><p>&#8220;Pastat ovat paikan p\u00e4\u00e4ll\u00e4 tehtyj\u00e4, ja sen huomaa niiden korkeasta laadusta.&#8221;<\/p><p>&#8220;Pizzoissa k\u00e4ytet\u00e4\u00e4n hyv\u00e4laatuisia juustoja, samoin testatut salami ja pepperoni ovat laadukkaita. Tomaattikastike on yht\u00e4 punaista kuin on herkullistakin.&#8221;<\/p>\t\t\t\t\t\t\t\t<\/div>\n\t\t\t\t<\/div>\n\t\t\t\t<\/div>\n\t\t\t\t\t<\/div>\n\t\t\t\t<\/div>\n\t\t<div class=\"elementor-element elementor-element-8525a6d e-flex e-con-boxed e-con e-parent\" data-id=\"8525a6d\" data-element_type=\"container\" data-e-type=\"container\">\n\t\t\t\t\t<div class=\"e-con-inner\">\n\t\t<div class=\"elementor-element elementor-element-8f415c5 e-con-full e-flex e-con e-child\" data-id=\"8f415c5\" data-element_type=\"container\" data-e-type=\"container\">\n\t\t\t\t<div class=\"elementor-element elementor-element-c94de19 elementor-widget elementor-widget-image\" data-id=\"c94de19\" data-element_type=\"widget\" data-e-type=\"widget\" data-widget_type=\"image.default\">\n\t\t\t\t<div class=\"elementor-widget-container\">\n\t\t\t\t\t\t\t\t\t\t\t\t\t\t\t<img decoding=\"async\" width=\"1024\" height=\"1024\" src=\"https:\/\/www.belmont.fi\/wp-content\/uploads\/2024\/03\/PASTA-KUVA-NETTIIN-1024x1024.png\" class=\"attachment-large size-large wp-image-94\" alt=\"\" srcset=\"https:\/\/www.belmont.fi\/wp-content\/uploads\/2024\/03\/PASTA-KUVA-NETTIIN-1024x1024.png 1024w, https:\/\/www.belmont.fi\/wp-content\/uploads\/2024\/03\/PASTA-KUVA-NETTIIN-300x300.png 300w, https:\/\/www.belmont.fi\/wp-content\/uploads\/2024\/03\/PASTA-KUVA-NETTIIN-150x150.png 150w, https:\/\/www.belmont.fi\/wp-content\/uploads\/2024\/03\/PASTA-KUVA-NETTIIN-768x768.png 768w, https:\/\/www.belmont.fi\/wp-content\/uploads\/2024\/03\/PASTA-KUVA-NETTIIN-1536x1536.png 1536w, https:\/\/www.belmont.fi\/wp-content\/uploads\/2024\/03\/PASTA-KUVA-NETTIIN-2048x2048.png 2048w\" sizes=\"(max-width: 1024px) 100vw, 1024px\" \/>\t\t\t\t\t\t\t\t\t\t\t\t\t\t\t<\/div>\n\t\t\t\t<\/div>\n\t\t\t\t<\/div>\n\t\t<div class=\"elementor-element elementor-element-9e43c50 e-con-full e-flex e-con e-child\" data-id=\"9e43c50\" data-element_type=\"container\" data-e-type=\"container\">\n\t\t\t\t<div class=\"elementor-element elementor-element-8f64965 elementor-widget elementor-widget-image\" data-id=\"8f64965\" data-element_type=\"widget\" data-e-type=\"widget\" data-widget_type=\"image.default\">\n\t\t\t\t<div class=\"elementor-widget-container\">\n\t\t\t\t\t\t\t\t\t\t\t\t\t\t\t<img decoding=\"async\" width=\"1024\" height=\"1024\" src=\"https:\/\/www.belmont.fi\/wp-content\/uploads\/2024\/03\/BISSEKUVA-NETTIIN-1024x1024.png\" class=\"attachment-large size-large wp-image-93\" alt=\"\" srcset=\"https:\/\/www.belmont.fi\/wp-content\/uploads\/2024\/03\/BISSEKUVA-NETTIIN-1024x1024.png 1024w, https:\/\/www.belmont.fi\/wp-content\/uploads\/2024\/03\/BISSEKUVA-NETTIIN-300x300.png 300w, https:\/\/www.belmont.fi\/wp-content\/uploads\/2024\/03\/BISSEKUVA-NETTIIN-150x150.png 150w, https:\/\/www.belmont.fi\/wp-content\/uploads\/2024\/03\/BISSEKUVA-NETTIIN-768x768.png 768w, https:\/\/www.belmont.fi\/wp-content\/uploads\/2024\/03\/BISSEKUVA-NETTIIN-1536x1536.png 1536w, https:\/\/www.belmont.fi\/wp-content\/uploads\/2024\/03\/BISSEKUVA-NETTIIN-2048x2048.png 2048w\" sizes=\"(max-width: 1024px) 100vw, 1024px\" \/>\t\t\t\t\t\t\t\t\t\t\t\t\t\t\t<\/div>\n\t\t\t\t<\/div>\n\t\t\t\t<\/div>\n\t\t\t\t\t<\/div>\n\t\t\t\t<\/div>\n\t\t\t\t<\/div>\n\t\t","protected":false},"excerpt":{"rendered":"<p>MEDIA \u00a0 \u00a0 \u00a0 HELSINGIN SANOMAT ANTOI NELJ\u00c4 T\u00c4HTE\u00c4 BELMONT BY DADDY GREENSSILLE! T\u00e4n\u00e4 kev\u00e4\u00e4n\u00e4, kun avasimme ovet ensimm\u00e4ist\u00e4 kertaa, [&hellip;]<\/p>\n","protected":false},"author":1,"featured_media":0,"parent":0,"menu_order":1,"comment_status":"closed","ping_status":"closed","template":"elementor_canvas","meta":{"site-sidebar-layout":"default","site-content-layout":"","ast-site-content-layout":"default","site-content-style":"default","site-sidebar-style":"default","ast-global-header-display":"","ast-banner-title-visibility":"","ast-main-header-display":"","ast-hfb-above-header-display":"","ast-hfb-below-header-display":"","ast-hfb-mobile-header-display":"","site-post-title":"disabled","ast-breadcrumbs-content":"","ast-featured-img":"","footer-sml-layout":"","ast-disable-related-posts":"","theme-transparent-header-meta":"","adv-header-id-meta":"","stick-header-meta":"","header-above-stick-meta":"","header-main-stick-meta":"","header-below-stick-meta":"","astra-migrate-meta-layouts":"default","ast-page-background-enabled":"default","ast-page-background-meta":{"desktop":{"background-color":"var(--ast-global-color-4)","background-image":"","background-repeat":"repeat","background-position":"center center","background-size":"auto","background-attachment":"scroll","background-type":"","background-media":"","overlay-type":"","overlay-color":"","overlay-opacity":"","overlay-gradient":""},"tablet":{"background-color":"","background-image":"","background-repeat":"repeat","background-position":"center center","background-size":"auto","background-attachment":"scroll","background-type":"","background-media":"","overlay-type":"","overlay-color":"","overlay-opacity":"","overlay-gradient":""},"mobile":{"background-color":"","background-image":"","background-repeat":"repeat","background-position":"center center","background-size":"auto","background-attachment":"scroll","background-type":"","background-media":"","overlay-type":"","overlay-color":"","overlay-opacity":"","overlay-gradient":""}},"ast-content-background-meta":{"desktop":{"background-color":"var(--ast-global-color-5)","background-image":"","background-repeat":"repeat","background-position":"center center","background-size":"auto","background-attachment":"scroll","background-type":"","background-media":"","overlay-type":"","overlay-color":"","overlay-opacity":"","overlay-gradient":""},"tablet":{"background-color":"var(--ast-global-color-5)","background-image":"","background-repeat":"repeat","background-position":"center center","background-size":"auto","background-attachment":"scroll","background-type":"","background-media":"","overlay-type":"","overlay-color":"","overlay-opacity":"","overlay-gradient":""},"mobile":{"background-color":"var(--ast-global-color-5)","background-image":"","background-repeat":"repeat","background-position":"center center","background-size":"auto","background-attachment":"scroll","background-type":"","background-media":"","overlay-type":"","overlay-color":"","overlay-opacity":"","overlay-gradient":""}},"footnotes":""},"class_list":["post-333","page","type-page","status-publish","hentry"],"_links":{"self":[{"href":"https:\/\/www.belmont.fi\/index.php\/wp-json\/wp\/v2\/pages\/333","targetHints":{"allow":["GET"]}}],"collection":[{"href":"https:\/\/www.belmont.fi\/index.php\/wp-json\/wp\/v2\/pages"}],"about":[{"href":"https:\/\/www.belmont.fi\/index.php\/wp-json\/wp\/v2\/types\/page"}],"author":[{"embeddable":true,"href":"https:\/\/www.belmont.fi\/index.php\/wp-json\/wp\/v2\/users\/1"}],"replies":[{"embeddable":true,"href":"https:\/\/www.belmont.fi\/index.php\/wp-json\/wp\/v2\/comments?post=333"}],"version-history":[{"count":26,"href":"https:\/\/www.belmont.fi\/index.php\/wp-json\/wp\/v2\/pages\/333\/revisions"}],"predecessor-version":[{"id":407,"href":"https:\/\/www.belmont.fi\/index.php\/wp-json\/wp\/v2\/pages\/333\/revisions\/407"}],"wp:attachment":[{"href":"https:\/\/www.belmont.fi\/index.php\/wp-json\/wp\/v2\/media?parent=333"}],"curies":[{"name":"wp","href":"https:\/\/api.w.org\/{rel}","templated":true}]}}